{"id":25204,"date":"2022-11-07T16:48:50","date_gmt":"2022-11-07T16:48:50","guid":{"rendered":"https:\/\/vvapskaita.website\/?post_type=product&#038;p=25204"},"modified":"2026-03-20T09:37:31","modified_gmt":"2026-03-20T09:37:31","slug":"pirkimu-ir-pardavimu-saskaitu-fakturu-registravimas","status":"publish","type":"product","link":"https:\/\/vvapskaita.lt\/index.php\/product\/pirkimu-ir-pardavimu-saskaitu-fakturu-registravimas\/","title":{"rendered":"Pirkim\u0173 ir pardavim\u0173 s\u0105skait\u0173-fakt\u016br\u0173 registravimas"},"content":{"rendered":"","protected":false},"excerpt":{"rendered":"","protected":false},"featured_media":25205,"comment_status":"open","ping_status":"closed","template":"","meta":{"site-sidebar-layout":"default","site-content-layout":"default","ast-global-header-display":"","ast-main-header-display":"","ast-hfb-above-header-display":"","ast-hfb-below-header-display":"","ast-hfb-mobile-header-display":"","site-post-title":"","ast-breadcrumbs-content":"","ast-featured-img":"","footer-sml-layout":"","theme-transparent-header-meta":"default","adv-header-id-meta":"","stick-header-meta":"","header-above-stick-meta":"","header-main-stick-meta":"","header-below-stick-meta":""},"product_cat":[31],"product_tag":[],"class_list":["post-25204","product","type-product","status-publish","has-post-thumbnail","hentry","product_cat-pirminiu-dokumentu-apdorojimas","desktop-align-left","tablet-align-left","mobile-align-left"],"_links":{"self":[{"href":"https:\/\/vvapskaita.lt\/index.php\/wp-json\/wp\/v2\/product\/25204"}],"collection":[{"href":"https:\/\/vvapskaita.lt\/index.php\/wp-json\/wp\/v2\/product"}],"about":[{"href":"https:\/\/vvapskaita.lt\/index.php\/wp-json\/wp\/v2\/types\/product"}],"replies":[{"embeddable":true,"href":"https:\/\/vvapskaita.lt\/index.php\/wp-json\/wp\/v2\/comments?post=25204"}],"wp:featuredmedia":[{"embeddable":true,"href":"https:\/\/vvapskaita.lt\/index.php\/wp-json\/wp\/v2\/media\/25205"}],"wp:attachment":[{"href":"https:\/\/vvapskaita.lt\/index.php\/wp-json\/wp\/v2\/media?parent=25204"}],"wp:term":[{"taxonomy":"product_cat","embeddable":true,"href":"https:\/\/vvapskaita.lt\/index.php\/wp-json\/wp\/v2\/product_cat?post=25204"},{"taxonomy":"product_tag","embeddable":true,"href":"https:\/\/vvapskaita.lt\/index.php\/wp-json\/wp\/v2\/product_tag?post=25204"}],"curies":[{"name":"wp","href":"https:\/\/api.w.org\/{rel}","templated":true}]}}