{"id":25246,"date":"2023-04-03T08:52:53","date_gmt":"2023-04-03T08:52:53","guid":{"rendered":"https:\/\/vvapskaita.website\/?page_id=25246"},"modified":"2023-04-03T08:52:54","modified_gmt":"2023-04-03T08:52:54","slug":"es-parama","status":"publish","type":"page","link":"https:\/\/vvapskaita.lt\/index.php\/es-parama\/","title":{"rendered":"ES PARAMA"},"content":{"rendered":"\n<h3 class=\"wp-block-heading\">UAB VILNIAUS VERSLO APSKAITA KOMERCIJOS MODELIO DIEGIMAS<\/h3>\n\n\n\n<p>Projekto tikslas- informacini\u0173 technologij\u0173 verslo sandoriams valdyti elektroniniu b\u016bdu diegimas, siekiant padidinti pajam\u0173 augim\u0105.<\/p>\n\n\n\n<p>Projekto biud\u017eetas\u00a0 62 239,00 EUR, skirtas finansavimas 46 679,25\u00a0 EUR<\/p>\n\n\n\n<p>Finansuojama i\u0161 Europos regionin\u0117s pl\u0117tros fondo, kaip Europos S\u0105jungos atsako \u012f COVID-19 pandemij\u0105 priemon\u0117<\/p>\n\n\n\n<p>Projekto \u012fgyvendinimo laikotarpis: 2022-02 iki 2023-01<\/p>\n\n\n\n<p>UAB Vilniaus Verslo Apksaita, buhalterin\u0117 apskaita nuo pirmini\u0173 dokument\u0173 iki finansin\u0117s atskaitomyb\u0117s.<\/p>\n\n\n\n<figure class=\"wp-block-image size-full\"><img loading=\"lazy\" decoding=\"async\" width=\"464\" height=\"233\" src=\"https:\/\/vvapskaita.website\/wp-content\/uploads\/2023\/04\/EU.png\" alt=\"\" class=\"wp-image-25247\" srcset=\"https:\/\/vvapskaita.lt\/wp-content\/uploads\/2023\/04\/EU.png 464w, https:\/\/vvapskaita.lt\/wp-content\/uploads\/2023\/04\/EU-300x151.png 300w\" sizes=\"(max-width: 464px) 100vw, 464px\" \/><\/figure>\n","protected":false},"excerpt":{"rendered":"<p>UAB VILNIAUS VERSLO APSKAITA KOMERCIJOS MODELIO DIEGIMAS Projekto tikslas- informacini\u0173 technologij\u0173 verslo sandoriams valdyti elektroniniu b\u016bdu diegimas, siekiant padidinti pajam\u0173 augim\u0105. Projekto biud\u017eetas\u00a0 62 239,00 EUR, skirtas finansavimas 46 679,25\u00a0 EUR Finansuojama i\u0161 Europos regionin\u0117s pl\u0117tros fondo, kaip Europos S\u0105jungos atsako \u012f COVID-19 pandemij\u0105 priemon\u0117 Projekto \u012fgyvendinimo laikotarpis: 2022-02 iki 2023-01 UAB Vilniaus Verslo Apksaita, &hellip;<\/p>\n<p class=\"read-more\"> <a class=\"\" href=\"https:\/\/vvapskaita.lt\/index.php\/es-parama\/\"> <span class=\"screen-reader-text\">ES PARAMA<\/span> Skaityti daugiau &raquo;<\/a><\/p>\n","protected":false},"author":1,"featured_media":0,"parent":0,"menu_order":0,"comment_status":"closed","ping_status":"closed","template":"","meta":{"site-sidebar-layout":"default","site-content-layout":"default","ast-global-header-display":"","ast-main-header-display":"","ast-hfb-above-header-display":"","ast-hfb-below-header-display":"","ast-hfb-mobile-header-display":"","site-post-title":"","ast-breadcrumbs-content":"","ast-featured-img":"","footer-sml-layout":"","theme-transparent-header-meta":"","adv-header-id-meta":"","stick-header-meta":"","header-above-stick-meta":"","header-main-stick-meta":"","header-below-stick-meta":"","footnotes":""},"class_list":["post-25246","page","type-page","status-publish","hentry"],"_links":{"self":[{"href":"https:\/\/vvapskaita.lt\/index.php\/wp-json\/wp\/v2\/pages\/25246"}],"collection":[{"href":"https:\/\/vvapskaita.lt\/index.php\/wp-json\/wp\/v2\/pages"}],"about":[{"href":"https:\/\/vvapskaita.lt\/index.php\/wp-json\/wp\/v2\/types\/page"}],"author":[{"embeddable":true,"href":"https:\/\/vvapskaita.lt\/index.php\/wp-json\/wp\/v2\/users\/1"}],"replies":[{"embeddable":true,"href":"https:\/\/vvapskaita.lt\/index.php\/wp-json\/wp\/v2\/comments?post=25246"}],"version-history":[{"count":1,"href":"https:\/\/vvapskaita.lt\/index.php\/wp-json\/wp\/v2\/pages\/25246\/revisions"}],"predecessor-version":[{"id":25248,"href":"https:\/\/vvapskaita.lt\/index.php\/wp-json\/wp\/v2\/pages\/25246\/revisions\/25248"}],"wp:attachment":[{"href":"https:\/\/vvapskaita.lt\/index.php\/wp-json\/wp\/v2\/media?parent=25246"}],"curies":[{"name":"wp","href":"https:\/\/api.w.org\/{rel}","templated":true}]}}